{"id":7870,"date":"2017-01-10T23:54:05","date_gmt":"2017-01-10T23:54:05","guid":{"rendered":"https:\/\/sartoriadearga.com\/sartoria-de-arga-tailor-made-tailoring\/"},"modified":"2024-11-14T16:48:23","modified_gmt":"2024-11-14T16:48:23","slug":"sartoria-de-arga-tailor-made-tailoring","status":"publish","type":"page","link":"https:\/\/sartoriadearga.com\/en\/","title":{"rendered":"Sartoria de Arga, Tailor-made tailoring"},"content":{"rendered":"[vc_row type=&#8221;full_width_content&#8221; full_screen_row_position=&#8221;middle&#8221; column_margin=&#8221;default&#8221; column_direction=&#8221;default&#8221; column_direction_tablet=&#8221;default&#8221; column_direction_phone=&#8221;default&#8221; scene_position=&#8221;center&#8221; top_padding=&#8221;1&#8243; left_padding_desktop=&#8221;0&#8243; right_padding_desktop=&#8221;0&#8243; text_color=&#8221;dark&#8221; text_align=&#8221;left&#8221; row_border_radius=&#8221;none&#8221; row_border_radius_applies=&#8221;bg&#8221; overflow=&#8221;visible&#8221; class=&#8221;desk&#8221; overlay_strength=&#8221;0.3&#8243; gradient_direction=&#8221;left_to_right&#8221; shape_divider_position=&#8221;bottom&#8221; bg_image_animation=&#8221;none&#8221; gradient_type=&#8221;default&#8221; shape_type=&#8221;&#8221;][vc_column column_padding=&#8221;no-extra-padding&#8221; column_padding_tablet=&#8221;inherit&#8221; column_padding_phone=&#8221;inherit&#8221; column_padding_position=&#8221;all&#8221; column_element_direction_desktop=&#8221;default&#8221; column_element_spacing=&#8221;default&#8221; desktop_text_alignment=&#8221;default&#8221; tablet_text_alignment=&#8221;default&#8221; phone_text_alignment=&#8221;default&#8221; background_color_opacity=&#8221;1&#8243; background_hover_color_opacity=&#8221;1&#8243; column_backdrop_filter=&#8221;none&#8221; column_shadow=&#8221;none&#8221; column_border_radius=&#8221;none&#8221; column_link_target=&#8221;_self&#8221; column_position=&#8221;default&#8221; gradient_direction=&#8221;left_to_right&#8221; overlay_strength=&#8221;0.3&#8243; width=&#8221;1\/1&#8243; tablet_width_inherit=&#8221;default&#8221; animation_type=&#8221;default&#8221; bg_image_animation=&#8221;none&#8221; border_type=&#8221;simple&#8221; column_border_width=&#8221;none&#8221; column_border_style=&#8221;solid&#8221; column_padding_type=&#8221;default&#8221; gradient_type=&#8221;default&#8221;][image_with_animation image_url=&#8221;7540&#8243; image_size=&#8221;full&#8221; animation_type=&#8221;entrance&#8221; animation=&#8221;None&#8221; animation_movement_type=&#8221;transform_y&#8221; hover_animation=&#8221;none&#8221; alignment=&#8221;center&#8221; border_radius=&#8221;none&#8221; box_shadow=&#8221;none&#8221; image_loading=&#8221;default&#8221; max_width=&#8221;none&#8221; max_width_mobile=&#8221;default&#8221; margin_left=&#8221;0&#8243; margin_right=&#8221;0&#8243;][\/vc_column][\/vc_row][vc_row type=&#8221;full_width_content&#8221; full_screen_row_position=&#8221;middle&#8221; column_margin=&#8221;default&#8221; column_direction=&#8221;default&#8221; column_direction_tablet=&#8221;default&#8221; column_direction_phone=&#8221;default&#8221; scene_position=&#8221;center&#8221; left_padding_desktop=&#8221;0&#8243; right_padding_desktop=&#8221;0&#8243; text_color=&#8221;dark&#8221; text_align=&#8221;left&#8221; row_border_radius=&#8221;none&#8221; row_border_radius_applies=&#8221;bg&#8221; overflow=&#8221;visible&#8221; class=&#8221;mobile&#8221; overlay_strength=&#8221;0.3&#8243; gradient_direction=&#8221;left_to_right&#8221; shape_divider_position=&#8221;bottom&#8221; bg_image_animation=&#8221;none&#8221; gradient_type=&#8221;default&#8221; shape_type=&#8221;&#8221;][vc_column column_padding=&#8221;no-extra-padding&#8221; column_padding_tablet=&#8221;inherit&#8221; column_padding_phone=&#8221;inherit&#8221; column_padding_position=&#8221;all&#8221; column_element_direction_desktop=&#8221;default&#8221; column_element_spacing=&#8221;default&#8221; desktop_text_alignment=&#8221;default&#8221; tablet_text_alignment=&#8221;default&#8221; phone_text_alignment=&#8221;default&#8221; background_color_opacity=&#8221;1&#8243; background_hover_color_opacity=&#8221;1&#8243; column_backdrop_filter=&#8221;none&#8221; column_shadow=&#8221;none&#8221; column_border_radius=&#8221;none&#8221; column_link_target=&#8221;_self&#8221; column_position=&#8221;default&#8221; gradient_direction=&#8221;left_to_right&#8221; overlay_strength=&#8221;0.3&#8243; width=&#8221;1\/1&#8243; tablet_width_inherit=&#8221;default&#8221; animation_type=&#8221;default&#8221; bg_image_animation=&#8221;none&#8221; border_type=&#8221;simple&#8221; column_border_width=&#8221;none&#8221; column_border_style=&#8221;solid&#8221; column_padding_type=&#8221;default&#8221; gradient_type=&#8221;default&#8221;][image_with_animation image_url=&#8221;7552&#8243; image_size=&#8221;full&#8221; animation_type=&#8221;entrance&#8221; animation=&#8221;None&#8221; animation_movement_type=&#8221;transform_y&#8221; hover_animation=&#8221;none&#8221; alignment=&#8221;center&#8221; border_radius=&#8221;none&#8221; box_shadow=&#8221;none&#8221; image_loading=&#8221;default&#8221; max_width=&#8221;none&#8221; max_width_mobile=&#8221;default&#8221; margin_left=&#8221;0&#8243; margin_right=&#8221;0&#8243;][\/vc_column][\/vc_row][vc_row type=&#8221;full_width_background&#8221; full_screen_row_position=&#8221;middle&#8221; column_margin=&#8221;default&#8221; column_direction=&#8221;default&#8221; column_direction_tablet=&#8221;default&#8221; column_direction_phone=&#8221;default&#8221; scene_position=&#8221;center&#8221; top_padding=&#8221;0&#8243; constrain_group_1=&#8221;yes&#8221; bottom_padding=&#8221;0&#8243; top_padding_phone=&#8221;27&#8243; constrain_group_5=&#8221;yes&#8221; bottom_padding_phone=&#8221;27&#8243; text_color=&#8221;dark&#8221; text_align=&#8221;left&#8221; row_border_radius=&#8221;none&#8221; row_border_radius_applies=&#8221;bg&#8221; overflow=&#8221;visible&#8221; overlay_strength=&#8221;0.3&#8243; gradient_direction=&#8221;left_to_right&#8221; shape_divider_position=&#8221;bottom&#8221; bg_image_animation=&#8221;none&#8221; gradient_type=&#8221;default&#8221; shape_type=&#8221;&#8221;][vc_column column_padding=&#8221;padding-5-percent&#8221; column_padding_tablet=&#8221;inherit&#8221; column_padding_phone=&#8221;inherit&#8221; column_padding_position=&#8221;all&#8221; column_element_direction_desktop=&#8221;default&#8221; column_element_spacing=&#8221;default&#8221; desktop_text_alignment=&#8221;default&#8221; tablet_text_alignment=&#8221;default&#8221; phone_text_alignment=&#8221;default&#8221; background_color_opacity=&#8221;1&#8243; background_hover_color_opacity=&#8221;1&#8243; column_backdrop_filter=&#8221;none&#8221; column_shadow=&#8221;none&#8221; column_border_radius=&#8221;none&#8221; column_link_target=&#8221;_self&#8221; column_position=&#8221;default&#8221; gradient_direction=&#8221;left_to_right&#8221; overlay_strength=&#8221;0.3&#8243; width=&#8221;1\/1&#8243; tablet_width_inherit=&#8221;default&#8221; animation_type=&#8221;default&#8221; bg_image_animation=&#8221;none&#8221; border_type=&#8221;simple&#8221; column_border_width=&#8221;none&#8221; column_border_style=&#8221;solid&#8221; column_padding_type=&#8221;default&#8221; gradient_type=&#8221;default&#8221;][vc_column_text text_direction=&#8221;default&#8221;]\n<h1 style=\"text-align: center;\"><span style=\"color: #0033a1;\">Tailored Tailoring<\/span><\/h1>\n[\/vc_column_text][divider line_type=&#8221;No Line&#8221; custom_height=&#8221;17&#8243; custom_height_phone=&#8221;7&#8243;][vc_column_text text_direction=&#8221;default&#8221;]\n<h2 style=\"text-align: center;\"><span style=\"color: #878787;\">Singular Tailoring<\/span><\/h2>\n[\/vc_column_text][\/vc_column][\/vc_row][vc_row type=&#8221;full_width_background&#8221; full_screen_row_position=&#8221;middle&#8221; column_margin=&#8221;default&#8221; column_direction=&#8221;default&#8221; column_direction_tablet=&#8221;default&#8221; column_direction_phone=&#8221;default&#8221; scene_position=&#8221;center&#8221; bottom_padding=&#8221;100&#8243; left_padding_desktop=&#8221;0&#8243; right_padding_desktop=&#8221;0&#8243; text_color=&#8221;dark&#8221; text_align=&#8221;left&#8221; row_border_radius=&#8221;none&#8221; row_border_radius_applies=&#8221;bg&#8221; overflow=&#8221;visible&#8221; class=&#8221;desk&#8221; overlay_strength=&#8221;0.3&#8243; gradient_direction=&#8221;left_to_right&#8221; shape_divider_position=&#8221;bottom&#8221; bg_image_animation=&#8221;none&#8221; gradient_type=&#8221;default&#8221; shape_type=&#8221;&#8221;][vc_column column_padding=&#8221;no-extra-padding&#8221; column_padding_tablet=&#8221;inherit&#8221; column_padding_phone=&#8221;inherit&#8221; column_padding_position=&#8221;all&#8221; column_element_direction_desktop=&#8221;default&#8221; column_element_spacing=&#8221;default&#8221; desktop_text_alignment=&#8221;default&#8221; tablet_text_alignment=&#8221;default&#8221; phone_text_alignment=&#8221;default&#8221; background_color_opacity=&#8221;1&#8243; background_hover_color_opacity=&#8221;1&#8243; column_backdrop_filter=&#8221;none&#8221; column_shadow=&#8221;none&#8221; column_border_radius=&#8221;none&#8221; column_link_target=&#8221;_self&#8221; column_position=&#8221;default&#8221; gradient_direction=&#8221;left_to_right&#8221; overlay_strength=&#8221;0.3&#8243; width=&#8221;1\/1&#8243; tablet_width_inherit=&#8221;default&#8221; animation_type=&#8221;default&#8221; bg_image_animation=&#8221;none&#8221; border_type=&#8221;simple&#8221; column_border_width=&#8221;none&#8221; column_border_style=&#8221;solid&#8221; column_padding_type=&#8221;default&#8221; gradient_type=&#8221;default&#8221;][image_with_animation image_url=&#8221;7637&#8243; image_size=&#8221;full&#8221; animation_type=&#8221;entrance&#8221; animation=&#8221;None&#8221; animation_movement_type=&#8221;transform_y&#8221; hover_animation=&#8221;none&#8221; alignment=&#8221;center&#8221; border_radius=&#8221;none&#8221; box_shadow=&#8221;none&#8221; image_loading=&#8221;default&#8221; max_width=&#8221;none&#8221; max_width_mobile=&#8221;default&#8221; margin_left=&#8221;0&#8243; margin_right=&#8221;0&#8243;][\/vc_column][\/vc_row][vc_row type=&#8221;full_width_background&#8221; full_screen_row_position=&#8221;middle&#8221; column_margin=&#8221;default&#8221; column_direction=&#8221;default&#8221; column_direction_tablet=&#8221;default&#8221; column_direction_phone=&#8221;default&#8221; scene_position=&#8221;center&#8221; bottom_padding=&#8221;70&#8243; left_padding_desktop=&#8221;0&#8243; right_padding_desktop=&#8221;0&#8243; text_color=&#8221;dark&#8221; text_align=&#8221;left&#8221; row_border_radius=&#8221;none&#8221; row_border_radius_applies=&#8221;bg&#8221; overflow=&#8221;visible&#8221; class=&#8221;mobile&#8221; overlay_strength=&#8221;0.3&#8243; gradient_direction=&#8221;left_to_right&#8221; shape_divider_position=&#8221;bottom&#8221; bg_image_animation=&#8221;none&#8221; gradient_type=&#8221;default&#8221; shape_type=&#8221;&#8221;][vc_column column_padding=&#8221;no-extra-padding&#8221; column_padding_tablet=&#8221;inherit&#8221; column_padding_phone=&#8221;inherit&#8221; column_padding_position=&#8221;all&#8221; column_element_direction_desktop=&#8221;default&#8221; column_element_spacing=&#8221;default&#8221; desktop_text_alignment=&#8221;default&#8221; tablet_text_alignment=&#8221;default&#8221; phone_text_alignment=&#8221;default&#8221; background_color_opacity=&#8221;1&#8243; background_hover_color_opacity=&#8221;1&#8243; column_backdrop_filter=&#8221;none&#8221; column_shadow=&#8221;none&#8221; column_border_radius=&#8221;none&#8221; column_link_target=&#8221;_self&#8221; column_position=&#8221;default&#8221; gradient_direction=&#8221;left_to_right&#8221; overlay_strength=&#8221;0.3&#8243; width=&#8221;1\/1&#8243; tablet_width_inherit=&#8221;default&#8221; animation_type=&#8221;default&#8221; bg_image_animation=&#8221;none&#8221; border_type=&#8221;simple&#8221; column_border_width=&#8221;none&#8221; column_border_style=&#8221;solid&#8221; column_padding_type=&#8221;default&#8221; gradient_type=&#8221;default&#8221;][image_with_animation image_url=&#8221;7638&#8243; image_size=&#8221;full&#8221; animation_type=&#8221;entrance&#8221; animation=&#8221;None&#8221; animation_movement_type=&#8221;transform_y&#8221; hover_animation=&#8221;none&#8221; alignment=&#8221;center&#8221; border_radius=&#8221;none&#8221; box_shadow=&#8221;none&#8221; image_loading=&#8221;default&#8221; max_width=&#8221;none&#8221; max_width_mobile=&#8221;default&#8221; margin_left=&#8221;0&#8243; margin_right=&#8221;0&#8243;][\/vc_column][\/vc_row]\n","protected":false},"excerpt":{"rendered":"<p>[vc_row type=&#8221;full_width_content&#8221; full_screen_row_position=&#8221;middle&#8221; column_margin=&#8221;default&#8221; column_direction=&#8221;default&#8221; column_direction_tablet=&#8221;default&#8221; column_direction_phone=&#8221;default&#8221; scene_position=&#8221;center&#8221; top_padding=&#8221;1&#8243; left_padding_desktop=&#8221;0&#8243; right_padding_desktop=&#8221;0&#8243; text_color=&#8221;dark&#8221; text_align=&#8221;left&#8221; row_border_radius=&#8221;none&#8221; row_border_radius_applies=&#8221;bg&#8221; overflow=&#8221;visible&#8221; class=&#8221;desk&#8221; overlay_strength=&#8221;0.3&#8243; gradient_direction=&#8221;left_to_right&#8221; shape_divider_position=&#8221;bottom&#8221; bg_image_animation=&#8221;none&#8221; gradient_type=&#8221;default&#8221; shape_type=&#8221;&#8221;][vc_column column_padding=&#8221;no-extra-padding&#8221; column_padding_tablet=&#8221;inherit&#8221; column_padding_phone=&#8221;inherit&#8221; column_padding_position=&#8221;all&#8221; column_element_direction_desktop=&#8221;default&#8221; column_element_spacing=&#8221;default&#8221; desktop_text_alignment=&#8221;default&#8221;&#8230;<\/p>\n","protected":false},"author":1,"featured_media":7817,"parent":0,"menu_order":0,"comment_status":"closed","ping_status":"closed","template":"","meta":{"footnotes":""},"class_list":["post-7870","page","type-page","status-publish","has-post-thumbnail"],"yoast_head":"<!-- This site is optimized with the Yoast SEO plugin v27.5 - https:\/\/yoast.com\/product\/yoast-seo-wordpress\/ -->\n<title>Tailoring in Madrid - Tailor-made suits in Madrid<\/title>\n<meta name=\"description\" content=\"Tailor-made suits of high range in Madrid. Tailored suits for ceremonies in Madrid. Tailoring for men and women. Exclusive tailor-made suits in Madrid.\" \/>\n<meta name=\"robots\" content=\"index, follow, max-snippet:-1, max-image-preview:large, max-video-preview:-1\" \/>\n<link rel=\"canonical\" href=\"https:\/\/sartoriadearga.com\/en\/\" \/>\n<meta property=\"og:locale\" content=\"en_US\" \/>\n<meta property=\"og:type\" content=\"article\" \/>\n<meta property=\"og:title\" content=\"Tailoring in Madrid - Tailor-made suits in Madrid\" \/>\n<meta property=\"og:description\" content=\"Tailor-made suits of high range in Madrid. Tailored suits for ceremonies in Madrid. Tailoring for men and women. Exclusive tailor-made suits in Madrid.\" \/>\n<meta property=\"og:url\" content=\"https:\/\/sartoriadearga.com\/en\/\" \/>\n<meta property=\"og:site_name\" content=\"Sastrer\u00eda a medida en Madrid - Trajes a medida alta gama en Madrid\" \/>\n<meta property=\"article:modified_time\" content=\"2024-11-14T16:48:23+00:00\" \/>\n<meta property=\"og:image\" content=\"https:\/\/sartoriadearga.com\/wp-content\/uploads\/2024\/10\/foto-medida-color.jpg\" \/>\n\t<meta property=\"og:image:width\" content=\"597\" \/>\n\t<meta property=\"og:image:height\" content=\"472\" \/>\n\t<meta property=\"og:image:type\" content=\"image\/jpeg\" \/>\n<meta name=\"twitter:card\" content=\"summary_large_image\" \/>\n<meta name=\"twitter:label1\" content=\"Est. reading time\" \/>\n\t<meta name=\"twitter:data1\" content=\"6 minutes\" \/>\n<script type=\"application\/ld+json\" class=\"yoast-schema-graph\">{\"@context\":\"https:\\\/\\\/schema.org\",\"@graph\":[{\"@type\":\"WebPage\",\"@id\":\"https:\\\/\\\/sartoriadearga.com\\\/en\\\/\",\"url\":\"https:\\\/\\\/sartoriadearga.com\\\/en\\\/\",\"name\":\"Tailoring in Madrid - Tailor-made suits in Madrid\",\"isPartOf\":{\"@id\":\"https:\\\/\\\/sartoriadearga.com\\\/en\\\/#website\"},\"primaryImageOfPage\":{\"@id\":\"https:\\\/\\\/sartoriadearga.com\\\/en\\\/#primaryimage\"},\"image\":{\"@id\":\"https:\\\/\\\/sartoriadearga.com\\\/en\\\/#primaryimage\"},\"thumbnailUrl\":\"https:\\\/\\\/sartoriadearga.com\\\/wp-content\\\/uploads\\\/2024\\\/10\\\/foto-medida-color.jpg\",\"datePublished\":\"2017-01-10T23:54:05+00:00\",\"dateModified\":\"2024-11-14T16:48:23+00:00\",\"description\":\"Tailor-made suits of high range in Madrid. Tailored suits for ceremonies in Madrid. Tailoring for men and women. Exclusive tailor-made suits in Madrid.\",\"breadcrumb\":{\"@id\":\"https:\\\/\\\/sartoriadearga.com\\\/en\\\/#breadcrumb\"},\"inLanguage\":\"en-US\",\"potentialAction\":[{\"@type\":\"ReadAction\",\"target\":[\"https:\\\/\\\/sartoriadearga.com\\\/en\\\/\"]}]},{\"@type\":\"ImageObject\",\"inLanguage\":\"en-US\",\"@id\":\"https:\\\/\\\/sartoriadearga.com\\\/en\\\/#primaryimage\",\"url\":\"https:\\\/\\\/sartoriadearga.com\\\/wp-content\\\/uploads\\\/2024\\\/10\\\/foto-medida-color.jpg\",\"contentUrl\":\"https:\\\/\\\/sartoriadearga.com\\\/wp-content\\\/uploads\\\/2024\\\/10\\\/foto-medida-color.jpg\",\"width\":597,\"height\":472},{\"@type\":\"BreadcrumbList\",\"@id\":\"https:\\\/\\\/sartoriadearga.com\\\/en\\\/#breadcrumb\",\"itemListElement\":[{\"@type\":\"ListItem\",\"position\":1,\"name\":\"Portada\",\"item\":\"https:\\\/\\\/sartoriadearga.com\\\/en\\\/sartoria-de-arga-tailor-made-tailoring\\\/\"},{\"@type\":\"ListItem\",\"position\":2,\"name\":\"Sartoria de Arga, Tailor-made tailoring\"}]},{\"@type\":\"WebSite\",\"@id\":\"https:\\\/\\\/sartoriadearga.com\\\/en\\\/#website\",\"url\":\"https:\\\/\\\/sartoriadearga.com\\\/en\\\/\",\"name\":\"Sastrer\u00eda a medida en Madrid - Trajes a medida alta gama en Madrid\",\"description\":\"Sartor\u00eda de Arga, Sastrer\u00eda a medida en Madrid. Trajes a medida en Madrid. Trajes de ceremonia a medida en Madrid\",\"publisher\":{\"@id\":\"https:\\\/\\\/sartoriadearga.com\\\/en\\\/#organization\"},\"potentialAction\":[{\"@type\":\"SearchAction\",\"target\":{\"@type\":\"EntryPoint\",\"urlTemplate\":\"https:\\\/\\\/sartoriadearga.com\\\/en\\\/?s={search_term_string}\"},\"query-input\":{\"@type\":\"PropertyValueSpecification\",\"valueRequired\":true,\"valueName\":\"search_term_string\"}}],\"inLanguage\":\"en-US\"},{\"@type\":\"Organization\",\"@id\":\"https:\\\/\\\/sartoriadearga.com\\\/en\\\/#organization\",\"name\":\"Sartor\u00eda de Arga\",\"url\":\"https:\\\/\\\/sartoriadearga.com\\\/en\\\/\",\"logo\":{\"@type\":\"ImageObject\",\"inLanguage\":\"en-US\",\"@id\":\"https:\\\/\\\/sartoriadearga.com\\\/en\\\/#\\\/schema\\\/logo\\\/image\\\/\",\"url\":\"\",\"contentUrl\":\"\",\"caption\":\"Sartor\u00eda de Arga\"},\"image\":{\"@id\":\"https:\\\/\\\/sartoriadearga.com\\\/en\\\/#\\\/schema\\\/logo\\\/image\\\/\"}}]}<\/script>\n<!-- \/ Yoast SEO plugin. -->","yoast_head_json":{"title":"Tailoring in Madrid - Tailor-made suits in Madrid","description":"Tailor-made suits of high range in Madrid. Tailored suits for ceremonies in Madrid. Tailoring for men and women. Exclusive tailor-made suits in Madrid.","robots":{"index":"index","follow":"follow","max-snippet":"max-snippet:-1","max-image-preview":"max-image-preview:large","max-video-preview":"max-video-preview:-1"},"canonical":"https:\/\/sartoriadearga.com\/en\/","og_locale":"en_US","og_type":"article","og_title":"Tailoring in Madrid - Tailor-made suits in Madrid","og_description":"Tailor-made suits of high range in Madrid. Tailored suits for ceremonies in Madrid. Tailoring for men and women. Exclusive tailor-made suits in Madrid.","og_url":"https:\/\/sartoriadearga.com\/en\/","og_site_name":"Sastrer\u00eda a medida en Madrid - Trajes a medida alta gama en Madrid","article_modified_time":"2024-11-14T16:48:23+00:00","og_image":[{"width":597,"height":472,"url":"https:\/\/sartoriadearga.com\/wp-content\/uploads\/2024\/10\/foto-medida-color.jpg","type":"image\/jpeg"}],"twitter_card":"summary_large_image","twitter_misc":{"Est. reading time":"6 minutes"},"schema":{"@context":"https:\/\/schema.org","@graph":[{"@type":"WebPage","@id":"https:\/\/sartoriadearga.com\/en\/","url":"https:\/\/sartoriadearga.com\/en\/","name":"Tailoring in Madrid - Tailor-made suits in Madrid","isPartOf":{"@id":"https:\/\/sartoriadearga.com\/en\/#website"},"primaryImageOfPage":{"@id":"https:\/\/sartoriadearga.com\/en\/#primaryimage"},"image":{"@id":"https:\/\/sartoriadearga.com\/en\/#primaryimage"},"thumbnailUrl":"https:\/\/sartoriadearga.com\/wp-content\/uploads\/2024\/10\/foto-medida-color.jpg","datePublished":"2017-01-10T23:54:05+00:00","dateModified":"2024-11-14T16:48:23+00:00","description":"Tailor-made suits of high range in Madrid. Tailored suits for ceremonies in Madrid. Tailoring for men and women. Exclusive tailor-made suits in Madrid.","breadcrumb":{"@id":"https:\/\/sartoriadearga.com\/en\/#breadcrumb"},"inLanguage":"en-US","potentialAction":[{"@type":"ReadAction","target":["https:\/\/sartoriadearga.com\/en\/"]}]},{"@type":"ImageObject","inLanguage":"en-US","@id":"https:\/\/sartoriadearga.com\/en\/#primaryimage","url":"https:\/\/sartoriadearga.com\/wp-content\/uploads\/2024\/10\/foto-medida-color.jpg","contentUrl":"https:\/\/sartoriadearga.com\/wp-content\/uploads\/2024\/10\/foto-medida-color.jpg","width":597,"height":472},{"@type":"BreadcrumbList","@id":"https:\/\/sartoriadearga.com\/en\/#breadcrumb","itemListElement":[{"@type":"ListItem","position":1,"name":"Portada","item":"https:\/\/sartoriadearga.com\/en\/sartoria-de-arga-tailor-made-tailoring\/"},{"@type":"ListItem","position":2,"name":"Sartoria de Arga, Tailor-made tailoring"}]},{"@type":"WebSite","@id":"https:\/\/sartoriadearga.com\/en\/#website","url":"https:\/\/sartoriadearga.com\/en\/","name":"Sastrer\u00eda a medida en Madrid - Trajes a medida alta gama en Madrid","description":"Sartor\u00eda de Arga, Sastrer\u00eda a medida en Madrid. Trajes a medida en Madrid. Trajes de ceremonia a medida en Madrid","publisher":{"@id":"https:\/\/sartoriadearga.com\/en\/#organization"},"potentialAction":[{"@type":"SearchAction","target":{"@type":"EntryPoint","urlTemplate":"https:\/\/sartoriadearga.com\/en\/?s={search_term_string}"},"query-input":{"@type":"PropertyValueSpecification","valueRequired":true,"valueName":"search_term_string"}}],"inLanguage":"en-US"},{"@type":"Organization","@id":"https:\/\/sartoriadearga.com\/en\/#organization","name":"Sartor\u00eda de Arga","url":"https:\/\/sartoriadearga.com\/en\/","logo":{"@type":"ImageObject","inLanguage":"en-US","@id":"https:\/\/sartoriadearga.com\/en\/#\/schema\/logo\/image\/","url":"","contentUrl":"","caption":"Sartor\u00eda de Arga"},"image":{"@id":"https:\/\/sartoriadearga.com\/en\/#\/schema\/logo\/image\/"}}]}},"_links":{"self":[{"href":"https:\/\/sartoriadearga.com\/en\/wp-json\/wp\/v2\/pages\/7870","targetHints":{"allow":["GET"]}}],"collection":[{"href":"https:\/\/sartoriadearga.com\/en\/wp-json\/wp\/v2\/pages"}],"about":[{"href":"https:\/\/sartoriadearga.com\/en\/wp-json\/wp\/v2\/types\/page"}],"author":[{"embeddable":true,"href":"https:\/\/sartoriadearga.com\/en\/wp-json\/wp\/v2\/users\/1"}],"replies":[{"embeddable":true,"href":"https:\/\/sartoriadearga.com\/en\/wp-json\/wp\/v2\/comments?post=7870"}],"version-history":[{"count":8,"href":"https:\/\/sartoriadearga.com\/en\/wp-json\/wp\/v2\/pages\/7870\/revisions"}],"predecessor-version":[{"id":7892,"href":"https:\/\/sartoriadearga.com\/en\/wp-json\/wp\/v2\/pages\/7870\/revisions\/7892"}],"wp:featuredmedia":[{"embeddable":true,"href":"https:\/\/sartoriadearga.com\/en\/wp-json\/wp\/v2\/media\/7817"}],"wp:attachment":[{"href":"https:\/\/sartoriadearga.com\/en\/wp-json\/wp\/v2\/media?parent=7870"}],"curies":[{"name":"wp","href":"https:\/\/api.w.org\/{rel}","templated":true}]}}