{"id":7877,"date":"2023-05-16T16:46:32","date_gmt":"2023-05-16T16:46:32","guid":{"rendered":"https:\/\/sartoriadearga.com\/legal-texts\/"},"modified":"2024-11-14T16:48:23","modified_gmt":"2024-11-14T16:48:23","slug":"legal-texts","status":"publish","type":"page","link":"https:\/\/sartoriadearga.com\/en\/legal-texts\/","title":{"rendered":"Legal texts"},"content":{"rendered":"[vc_row type=&#8221;full_width_background&#8221; full_screen_row_position=&#8221;middle&#8221; column_margin=&#8221;default&#8221; column_direction=&#8221;default&#8221; column_direction_tablet=&#8221;default&#8221; column_direction_phone=&#8221;default&#8221; bg_color=&#8221;#f4f4f4&#8243; scene_position=&#8221;center&#8221; top_padding=&#8221;3%&#8221; constrain_group_1=&#8221;yes&#8221; bottom_padding=&#8221;3%&#8221; left_padding_desktop=&#8221;3%&#8221; constrain_group_2=&#8221;yes&#8221; right_padding_desktop=&#8221;3%&#8221; bottom_margin=&#8221;0&#8243; text_color=&#8221;dark&#8221; text_align=&#8221;left&#8221; row_border_radius=&#8221;none&#8221; row_border_radius_applies=&#8221;bg&#8221; overflow=&#8221;visible&#8221; overlay_strength=&#8221;0.3&#8243; gradient_direction=&#8221;left_to_right&#8221; shape_divider_position=&#8221;bottom&#8221; bg_image_animation=&#8221;none&#8221; gradient_type=&#8221;default&#8221; shape_type=&#8221;&#8221;][vc_column column_padding=&#8221;no-extra-padding&#8221; column_padding_tablet=&#8221;inherit&#8221; column_padding_phone=&#8221;inherit&#8221; column_padding_position=&#8221;all&#8221; bottom_margin=&#8221;0&#8243; column_element_direction_desktop=&#8221;default&#8221; column_element_spacing=&#8221;default&#8221; desktop_text_alignment=&#8221;default&#8221; tablet_text_alignment=&#8221;default&#8221; phone_text_alignment=&#8221;default&#8221; background_color_opacity=&#8221;1&#8243; background_hover_color_opacity=&#8221;1&#8243; column_backdrop_filter=&#8221;none&#8221; column_shadow=&#8221;none&#8221; column_border_radius=&#8221;none&#8221; column_link_target=&#8221;_self&#8221; column_position=&#8221;default&#8221; gradient_direction=&#8221;left_to_right&#8221; overlay_strength=&#8221;0.3&#8243; width=&#8221;1\/1&#8243; tablet_width_inherit=&#8221;default&#8221; animation_type=&#8221;default&#8221; bg_image_animation=&#8221;none&#8221; border_type=&#8221;simple&#8221; column_border_width=&#8221;none&#8221; column_border_style=&#8221;solid&#8221; column_padding_type=&#8221;default&#8221; gradient_type=&#8221;default&#8221;][vc_column_text text_direction=&#8221;default&#8221;]\n<h3>LEGAL NOTICE<\/h3>\n[\/vc_column_text][divider line_type=&#8221;No Line&#8221; custom_height=&#8221;27&#8243;][vc_column_text text_direction=&#8221;default&#8221;]\n<div align=\"justify\">\n<p>In order to comply with the provisions of Law 34\/2002, of July 11, 2002, on information society services and electronic commerce, the general information of this website is indicated below:<\/p>\n<ul>\n<li><strong>Proprietor: <\/strong>SARTOR\u00cdA DE ARGA, S.L.<\/li>\n<li><strong>Address: <\/strong>C. Cabo Ca\u00f1averal<br \/>\nMadrid 28052<\/li>\n<li><strong>Contact:<\/strong> Tel.<strong>:<\/strong> 681 077 479 \/ sda1968@sartoriadearga.com <\/li>\n<li><strong>TAX ID:<\/strong> B87966628<\/li>\n<\/ul>\n<p><strong>Legislation<br \/>\n<\/strong>In general, the relationship between SARTOR\u00cdA DE ARGA, S.L. and the Users of the services on this website are subject to Spanish legislation and jurisdiction. <strong>Use and access by Users<br \/>\n<\/strong>The User is informed and accepts that access to this website does not imply, in any way, the beginning of a business relationship with SARTOR\u00cdA DE ARGA, S.L. or any of its delegations (if any). <strong>Intellectual and industrial property<br \/>\n<\/strong>The intellectual property rights of the content of the website, its graphic design and codes, are owned by SARTOR\u00cdA DE ARGA, S.L. and, therefore, its reproduction, distribution, public communication, transformation or any other activity that can be done with the contents of its web pages, even quoting the sources, is prohibited without the written consent of SARTOR\u00cdA DE ARGA, S. L. Content of the website and links.L. <strong>Web content and links (links)<br \/>\n<\/strong>SARTOR\u00cdA DE ARGA, S.L. reserves the right to update, modify or delete information contained on its website and may even limit or deny access to such information to certain users. SARTOR\u00cdA DE ARGA, S.L. assumes no responsibility for the information contained in third party websites which can be accessed by &#8220;links&#8221; or links from any website owned by SARTOR\u00cdA DE ARGA, S.L.. The presence of &#8220;links&#8221; or links on the websites of SARTOR\u00cdA DE ARGA, S.L. is for information purposes only and in no case implies a suggestion, invitation or recommendation about them. Therefore, both this Notice and the Privacy Policy only apply to the website of the SARTOR\u00cdA DE ARGA, S.L. and is not guaranteed in access through links to this site, or links from this site to other websites.<\/p>\n<\/div>\n[\/vc_column_text][\/vc_column][\/vc_row]\n","protected":false},"excerpt":{"rendered":"<p>[vc_row type=&#8221;full_width_background&#8221; full_screen_row_position=&#8221;middle&#8221; column_margin=&#8221;default&#8221; column_direction=&#8221;default&#8221; column_direction_tablet=&#8221;default&#8221; column_direction_phone=&#8221;default&#8221; bg_color=&#8221;#f4f4f4&#8243; scene_position=&#8221;center&#8221; top_padding=&#8221;3%&#8221; constrain_group_1=&#8221;yes&#8221; bottom_padding=&#8221;3%&#8221; left_padding_desktop=&#8221;3%&#8221; constrain_group_2=&#8221;yes&#8221; right_padding_desktop=&#8221;3%&#8221; bottom_margin=&#8221;0&#8243; text_color=&#8221;dark&#8221; text_align=&#8221;left&#8221; row_border_radius=&#8221;none&#8221; row_border_radius_applies=&#8221;bg&#8221; overflow=&#8221;visible&#8221; overlay_strength=&#8221;0.3&#8243; gradient_direction=&#8221;left_to_right&#8221; shape_divider_position=&#8221;bottom&#8221; bg_image_animation=&#8221;none&#8221; gradient_type=&#8221;default&#8221; shape_type=&#8221;&#8221;][vc_column column_padding=&#8221;no-extra-padding&#8221; column_padding_tablet=&#8221;inherit&#8221; column_padding_phone=&#8221;inherit&#8221;&#8230;<\/p>\n","protected":false},"author":1,"featured_media":0,"parent":0,"menu_order":0,"comment_status":"closed","ping_status":"closed","template":"","meta":{"footnotes":""},"class_list":["post-7877","page","type-page","status-publish"],"yoast_head":"<!-- This site is optimized with the Yoast SEO plugin v27.5 - https:\/\/yoast.com\/product\/yoast-seo-wordpress\/ -->\n<title>Legal texts - Sastrer\u00eda a medida en Madrid - Trajes a medida alta gama en Madrid<\/title>\n<meta name=\"robots\" content=\"noindex, nofollow\" \/>\n<meta property=\"og:locale\" content=\"en_US\" \/>\n<meta property=\"og:type\" content=\"article\" \/>\n<meta property=\"og:title\" content=\"Legal texts - Sastrer\u00eda a medida en Madrid - Trajes a medida alta gama en Madrid\" \/>\n<meta property=\"og:description\" content=\"[vc_row type=&#8221;full_width_background&#8221; full_screen_row_position=&#8221;middle&#8221; column_margin=&#8221;default&#8221; column_direction=&#8221;default&#8221; column_direction_tablet=&#8221;default&#8221; column_direction_phone=&#8221;default&#8221; bg_color=&#8221;#f4f4f4&#8243; scene_position=&#8221;center&#8221; top_padding=&#8221;3%&#8221; constrain_group_1=&#8221;yes&#8221; bottom_padding=&#8221;3%&#8221; left_padding_desktop=&#8221;3%&#8221; constrain_group_2=&#8221;yes&#8221; right_padding_desktop=&#8221;3%&#8221; bottom_margin=&#8221;0&#8243; text_color=&#8221;dark&#8221; text_align=&#8221;left&#8221; row_border_radius=&#8221;none&#8221; row_border_radius_applies=&#8221;bg&#8221; overflow=&#8221;visible&#8221; overlay_strength=&#8221;0.3&#8243; gradient_direction=&#8221;left_to_right&#8221; shape_divider_position=&#8221;bottom&#8221; bg_image_animation=&#8221;none&#8221; gradient_type=&#8221;default&#8221; shape_type=&#8221;&#8221;][vc_column column_padding=&#8221;no-extra-padding&#8221; column_padding_tablet=&#8221;inherit&#8221; column_padding_phone=&#8221;inherit&#8221;...\" \/>\n<meta property=\"og:url\" content=\"https:\/\/sartoriadearga.com\/en\/legal-texts\/\" \/>\n<meta property=\"og:site_name\" content=\"Sastrer\u00eda a medida en Madrid - Trajes a medida alta gama en Madrid\" \/>\n<meta property=\"article:modified_time\" content=\"2024-11-14T16:48:23+00:00\" \/>\n<meta name=\"twitter:card\" content=\"summary_large_image\" \/>\n<meta name=\"twitter:label1\" content=\"Est. reading time\" \/>\n\t<meta name=\"twitter:data1\" content=\"3 minutes\" \/>\n<script type=\"application\/ld+json\" class=\"yoast-schema-graph\">{\"@context\":\"https:\\\/\\\/schema.org\",\"@graph\":[{\"@type\":\"WebPage\",\"@id\":\"https:\\\/\\\/sartoriadearga.com\\\/en\\\/legal-texts\\\/\",\"url\":\"https:\\\/\\\/sartoriadearga.com\\\/en\\\/legal-texts\\\/\",\"name\":\"Legal texts - Sastrer\u00eda a medida en Madrid - Trajes a medida alta gama en Madrid\",\"isPartOf\":{\"@id\":\"https:\\\/\\\/sartoriadearga.com\\\/en\\\/#website\"},\"datePublished\":\"2023-05-16T16:46:32+00:00\",\"dateModified\":\"2024-11-14T16:48:23+00:00\",\"breadcrumb\":{\"@id\":\"https:\\\/\\\/sartoriadearga.com\\\/en\\\/legal-texts\\\/#breadcrumb\"},\"inLanguage\":\"en-US\",\"potentialAction\":[{\"@type\":\"ReadAction\",\"target\":[\"https:\\\/\\\/sartoriadearga.com\\\/en\\\/legal-texts\\\/\"]}]},{\"@type\":\"BreadcrumbList\",\"@id\":\"https:\\\/\\\/sartoriadearga.com\\\/en\\\/legal-texts\\\/#breadcrumb\",\"itemListElement\":[{\"@type\":\"ListItem\",\"position\":1,\"name\":\"Portada\",\"item\":\"https:\\\/\\\/sartoriadearga.com\\\/en\\\/sartoria-de-arga-tailor-made-tailoring\\\/\"},{\"@type\":\"ListItem\",\"position\":2,\"name\":\"Legal texts\"}]},{\"@type\":\"WebSite\",\"@id\":\"https:\\\/\\\/sartoriadearga.com\\\/en\\\/#website\",\"url\":\"https:\\\/\\\/sartoriadearga.com\\\/en\\\/\",\"name\":\"Sastrer\u00eda a medida en Madrid - Trajes a medida alta gama en Madrid\",\"description\":\"Sartor\u00eda de Arga, Sastrer\u00eda a medida en Madrid. Trajes a medida en Madrid. Trajes de ceremonia a medida en Madrid\",\"publisher\":{\"@id\":\"https:\\\/\\\/sartoriadearga.com\\\/en\\\/#organization\"},\"potentialAction\":[{\"@type\":\"SearchAction\",\"target\":{\"@type\":\"EntryPoint\",\"urlTemplate\":\"https:\\\/\\\/sartoriadearga.com\\\/en\\\/?s={search_term_string}\"},\"query-input\":{\"@type\":\"PropertyValueSpecification\",\"valueRequired\":true,\"valueName\":\"search_term_string\"}}],\"inLanguage\":\"en-US\"},{\"@type\":\"Organization\",\"@id\":\"https:\\\/\\\/sartoriadearga.com\\\/en\\\/#organization\",\"name\":\"Sartor\u00eda de Arga\",\"url\":\"https:\\\/\\\/sartoriadearga.com\\\/en\\\/\",\"logo\":{\"@type\":\"ImageObject\",\"inLanguage\":\"en-US\",\"@id\":\"https:\\\/\\\/sartoriadearga.com\\\/en\\\/#\\\/schema\\\/logo\\\/image\\\/\",\"url\":\"\",\"contentUrl\":\"\",\"caption\":\"Sartor\u00eda de Arga\"},\"image\":{\"@id\":\"https:\\\/\\\/sartoriadearga.com\\\/en\\\/#\\\/schema\\\/logo\\\/image\\\/\"}}]}<\/script>\n<!-- \/ Yoast SEO plugin. -->","yoast_head_json":{"title":"Legal texts - Sastrer\u00eda a medida en Madrid - Trajes a medida alta gama en Madrid","robots":{"index":"noindex","follow":"nofollow"},"og_locale":"en_US","og_type":"article","og_title":"Legal texts - Sastrer\u00eda a medida en Madrid - Trajes a medida alta gama en Madrid","og_description":"[vc_row type=&#8221;full_width_background&#8221; full_screen_row_position=&#8221;middle&#8221; column_margin=&#8221;default&#8221; column_direction=&#8221;default&#8221; column_direction_tablet=&#8221;default&#8221; column_direction_phone=&#8221;default&#8221; bg_color=&#8221;#f4f4f4&#8243; scene_position=&#8221;center&#8221; top_padding=&#8221;3%&#8221; constrain_group_1=&#8221;yes&#8221; bottom_padding=&#8221;3%&#8221; left_padding_desktop=&#8221;3%&#8221; constrain_group_2=&#8221;yes&#8221; right_padding_desktop=&#8221;3%&#8221; bottom_margin=&#8221;0&#8243; text_color=&#8221;dark&#8221; text_align=&#8221;left&#8221; row_border_radius=&#8221;none&#8221; row_border_radius_applies=&#8221;bg&#8221; overflow=&#8221;visible&#8221; overlay_strength=&#8221;0.3&#8243; gradient_direction=&#8221;left_to_right&#8221; shape_divider_position=&#8221;bottom&#8221; bg_image_animation=&#8221;none&#8221; gradient_type=&#8221;default&#8221; shape_type=&#8221;&#8221;][vc_column column_padding=&#8221;no-extra-padding&#8221; column_padding_tablet=&#8221;inherit&#8221; column_padding_phone=&#8221;inherit&#8221;...","og_url":"https:\/\/sartoriadearga.com\/en\/legal-texts\/","og_site_name":"Sastrer\u00eda a medida en Madrid - Trajes a medida alta gama en Madrid","article_modified_time":"2024-11-14T16:48:23+00:00","twitter_card":"summary_large_image","twitter_misc":{"Est. reading time":"3 minutes"},"schema":{"@context":"https:\/\/schema.org","@graph":[{"@type":"WebPage","@id":"https:\/\/sartoriadearga.com\/en\/legal-texts\/","url":"https:\/\/sartoriadearga.com\/en\/legal-texts\/","name":"Legal texts - Sastrer\u00eda a medida en Madrid - Trajes a medida alta gama en Madrid","isPartOf":{"@id":"https:\/\/sartoriadearga.com\/en\/#website"},"datePublished":"2023-05-16T16:46:32+00:00","dateModified":"2024-11-14T16:48:23+00:00","breadcrumb":{"@id":"https:\/\/sartoriadearga.com\/en\/legal-texts\/#breadcrumb"},"inLanguage":"en-US","potentialAction":[{"@type":"ReadAction","target":["https:\/\/sartoriadearga.com\/en\/legal-texts\/"]}]},{"@type":"BreadcrumbList","@id":"https:\/\/sartoriadearga.com\/en\/legal-texts\/#breadcrumb","itemListElement":[{"@type":"ListItem","position":1,"name":"Portada","item":"https:\/\/sartoriadearga.com\/en\/sartoria-de-arga-tailor-made-tailoring\/"},{"@type":"ListItem","position":2,"name":"Legal texts"}]},{"@type":"WebSite","@id":"https:\/\/sartoriadearga.com\/en\/#website","url":"https:\/\/sartoriadearga.com\/en\/","name":"Sastrer\u00eda a medida en Madrid - Trajes a medida alta gama en Madrid","description":"Sartor\u00eda de Arga, Sastrer\u00eda a medida en Madrid. Trajes a medida en Madrid. Trajes de ceremonia a medida en Madrid","publisher":{"@id":"https:\/\/sartoriadearga.com\/en\/#organization"},"potentialAction":[{"@type":"SearchAction","target":{"@type":"EntryPoint","urlTemplate":"https:\/\/sartoriadearga.com\/en\/?s={search_term_string}"},"query-input":{"@type":"PropertyValueSpecification","valueRequired":true,"valueName":"search_term_string"}}],"inLanguage":"en-US"},{"@type":"Organization","@id":"https:\/\/sartoriadearga.com\/en\/#organization","name":"Sartor\u00eda de Arga","url":"https:\/\/sartoriadearga.com\/en\/","logo":{"@type":"ImageObject","inLanguage":"en-US","@id":"https:\/\/sartoriadearga.com\/en\/#\/schema\/logo\/image\/","url":"","contentUrl":"","caption":"Sartor\u00eda de Arga"},"image":{"@id":"https:\/\/sartoriadearga.com\/en\/#\/schema\/logo\/image\/"}}]}},"_links":{"self":[{"href":"https:\/\/sartoriadearga.com\/en\/wp-json\/wp\/v2\/pages\/7877","targetHints":{"allow":["GET"]}}],"collection":[{"href":"https:\/\/sartoriadearga.com\/en\/wp-json\/wp\/v2\/pages"}],"about":[{"href":"https:\/\/sartoriadearga.com\/en\/wp-json\/wp\/v2\/types\/page"}],"author":[{"embeddable":true,"href":"https:\/\/sartoriadearga.com\/en\/wp-json\/wp\/v2\/users\/1"}],"replies":[{"embeddable":true,"href":"https:\/\/sartoriadearga.com\/en\/wp-json\/wp\/v2\/comments?post=7877"}],"version-history":[{"count":1,"href":"https:\/\/sartoriadearga.com\/en\/wp-json\/wp\/v2\/pages\/7877\/revisions"}],"predecessor-version":[{"id":7880,"href":"https:\/\/sartoriadearga.com\/en\/wp-json\/wp\/v2\/pages\/7877\/revisions\/7880"}],"wp:attachment":[{"href":"https:\/\/sartoriadearga.com\/en\/wp-json\/wp\/v2\/media?parent=7877"}],"curies":[{"name":"wp","href":"https:\/\/api.w.org\/{rel}","templated":true}]}}