{"id":7883,"date":"2024-10-25T10:31:15","date_gmt":"2024-10-25T10:31:15","guid":{"rendered":"https:\/\/sartoriadearga.com\/trolley\/"},"modified":"2024-11-14T13:13:19","modified_gmt":"2024-11-14T13:13:19","slug":"trolley","status":"publish","type":"page","link":"https:\/\/sartoriadearga.com\/en\/trolley\/","title":{"rendered":"Trolley"},"content":{"rendered":"\n<div data-block-name=\"woocommerce\/cart\" class=\"wp-block-woocommerce-cart alignwide is-loading\">\n<div data-block-name=\"woocommerce\/filled-cart-block\" class=\"wp-block-woocommerce-filled-cart-block\">\n<div data-block-name=\"woocommerce\/cart-items-block\" class=\"wp-block-woocommerce-cart-items-block\">\n<div data-block-name=\"woocommerce\/cart-line-items-block\" class=\"wp-block-woocommerce-cart-line-items-block\"><\/div>\n\n\n\n<div data-block-name=\"woocommerce\/cart-cross-sells-block\" class=\"wp-block-woocommerce-cart-cross-sells-block\">\n<h2 class=\"wp-block-heading has-large-font-size\">You may be interested in&#8230;<\/h2>\n\n\n\n<div data-block-name=\"woocommerce\/cart-cross-sells-products-block\" class=\"wp-block-woocommerce-cart-cross-sells-products-block\"><\/div>\n<\/div>\n<\/div>\n\n\n\n<div data-block-name=\"woocommerce\/cart-totals-block\" class=\"wp-block-woocommerce-cart-totals-block\">\n<div data-block-name=\"woocommerce\/cart-order-summary-block\" class=\"wp-block-woocommerce-cart-order-summary-block\">\n<div data-block-name=\"woocommerce\/cart-order-summary-heading-block\" class=\"wp-block-woocommerce-cart-order-summary-heading-block\"><\/div><div data-block-name=\"woocommerce\/cart-order-summary-coupon-form-block\" class=\"wp-block-woocommerce-cart-order-summary-coupon-form-block\"><\/div><div data-block-name=\"woocommerce\/cart-order-summary-totals-block\" class=\"wp-block-woocommerce-cart-order-summary-totals-block\">\n<div data-block-name=\"woocommerce\/cart-order-summary-subtotal-block\" class=\"wp-block-woocommerce-cart-order-summary-subtotal-block\"><\/div>\n<div data-block-name=\"woocommerce\/cart-order-summary-discount-block\" class=\"wp-block-woocommerce-cart-order-summary-discount-block\"><\/div>\n<div data-block-name=\"woocommerce\/cart-order-summary-fee-block\" class=\"wp-block-woocommerce-cart-order-summary-fee-block\"><\/div>\n<div data-block-name=\"woocommerce\/cart-order-summary-shipping-block\" class=\"wp-block-woocommerce-cart-order-summary-shipping-block\"><\/div>\n<div data-block-name=\"woocommerce\/cart-order-summary-taxes-block\" class=\"wp-block-woocommerce-cart-order-summary-taxes-block\"><\/div><\/div>\n<\/div>\n\n\n\n<div data-block-name=\"woocommerce\/cart-express-payment-block\" class=\"wp-block-woocommerce-cart-express-payment-block\"><\/div>\n\n\n\n<div data-block-name=\"woocommerce\/proceed-to-checkout-block\" class=\"wp-block-woocommerce-proceed-to-checkout-block\"><\/div>\n\n\n\n<div data-block-name=\"woocommerce\/cart-accepted-payment-methods-block\" class=\"wp-block-woocommerce-cart-accepted-payment-methods-block\"><\/div>\n<\/div>\n<\/div>\n\n\n\n<div data-block-name=\"woocommerce\/empty-cart-block\" class=\"wp-block-woocommerce-empty-cart-block\">\n<h2 class=\"wp-block-heading has-text-align-center with-empty-cart-icon wc-block-cart__empty-cart__title\">Your cart is currently empty!<\/h2>\n\n\n\n<hr class=\"wp-block-separator has-alpha-channel-opacity is-style-dots\"\/>\n\n\n\n<h2 class=\"wp-block-heading has-text-align-center\">New in the store<\/h2>\n\n\n<\/div>\n<\/div>\n","protected":false},"excerpt":{"rendered":"You may be interested in... Your cart is currently empty! New in the store","protected":false},"author":1,"featured_media":0,"parent":0,"menu_order":0,"comment_status":"closed","ping_status":"closed","template":"","meta":{"footnotes":""},"class_list":["post-7883","page","type-page","status-publish"],"yoast_head":"<!-- This site is optimized with the Yoast SEO plugin v27.5 - https:\/\/yoast.com\/product\/yoast-seo-wordpress\/ -->\n<title>Trolley - Sastrer\u00eda a medida en Madrid - Trajes a medida alta gama en Madrid<\/title>\n<meta name=\"robots\" content=\"noindex, nofollow\" \/>\n<meta property=\"og:locale\" content=\"en_US\" \/>\n<meta property=\"og:type\" content=\"article\" \/>\n<meta property=\"og:title\" content=\"Trolley - Sastrer\u00eda a medida en Madrid - Trajes a medida alta gama en Madrid\" \/>\n<meta property=\"og:url\" content=\"https:\/\/sartoriadearga.com\/en\/trolley\/\" \/>\n<meta property=\"og:site_name\" content=\"Sastrer\u00eda a medida en Madrid - Trajes a medida alta gama en Madrid\" \/>\n<meta property=\"article:modified_time\" content=\"2024-11-14T13:13:19+00:00\" \/>\n<meta name=\"twitter:card\" content=\"summary_large_image\" \/>\n<script type=\"application\/ld+json\" class=\"yoast-schema-graph\">{\"@context\":\"https:\\\/\\\/schema.org\",\"@graph\":[{\"@type\":\"WebPage\",\"@id\":\"https:\\\/\\\/sartoriadearga.com\\\/en\\\/trolley\\\/\",\"url\":\"https:\\\/\\\/sartoriadearga.com\\\/en\\\/trolley\\\/\",\"name\":\"Trolley - Sastrer\u00eda a medida en Madrid - Trajes a medida alta gama en Madrid\",\"isPartOf\":{\"@id\":\"https:\\\/\\\/sartoriadearga.com\\\/en\\\/#website\"},\"datePublished\":\"2024-10-25T10:31:15+00:00\",\"dateModified\":\"2024-11-14T13:13:19+00:00\",\"breadcrumb\":{\"@id\":\"https:\\\/\\\/sartoriadearga.com\\\/en\\\/trolley\\\/#breadcrumb\"},\"inLanguage\":\"en-US\",\"potentialAction\":[{\"@type\":\"ReadAction\",\"target\":[\"https:\\\/\\\/sartoriadearga.com\\\/en\\\/trolley\\\/\"]}]},{\"@type\":\"BreadcrumbList\",\"@id\":\"https:\\\/\\\/sartoriadearga.com\\\/en\\\/trolley\\\/#breadcrumb\",\"itemListElement\":[{\"@type\":\"ListItem\",\"position\":1,\"name\":\"Portada\",\"item\":\"https:\\\/\\\/sartoriadearga.com\\\/en\\\/sartoria-de-arga-tailor-made-tailoring\\\/\"},{\"@type\":\"ListItem\",\"position\":2,\"name\":\"Trolley\"}]},{\"@type\":\"WebSite\",\"@id\":\"https:\\\/\\\/sartoriadearga.com\\\/en\\\/#website\",\"url\":\"https:\\\/\\\/sartoriadearga.com\\\/en\\\/\",\"name\":\"Sastrer\u00eda a medida en Madrid - Trajes a medida alta gama en Madrid\",\"description\":\"Sartor\u00eda de Arga, Sastrer\u00eda a medida en Madrid. Trajes a medida en Madrid. Trajes de ceremonia a medida en Madrid\",\"publisher\":{\"@id\":\"https:\\\/\\\/sartoriadearga.com\\\/en\\\/#organization\"},\"potentialAction\":[{\"@type\":\"SearchAction\",\"target\":{\"@type\":\"EntryPoint\",\"urlTemplate\":\"https:\\\/\\\/sartoriadearga.com\\\/en\\\/?s={search_term_string}\"},\"query-input\":{\"@type\":\"PropertyValueSpecification\",\"valueRequired\":true,\"valueName\":\"search_term_string\"}}],\"inLanguage\":\"en-US\"},{\"@type\":\"Organization\",\"@id\":\"https:\\\/\\\/sartoriadearga.com\\\/en\\\/#organization\",\"name\":\"Sartor\u00eda de Arga\",\"url\":\"https:\\\/\\\/sartoriadearga.com\\\/en\\\/\",\"logo\":{\"@type\":\"ImageObject\",\"inLanguage\":\"en-US\",\"@id\":\"https:\\\/\\\/sartoriadearga.com\\\/en\\\/#\\\/schema\\\/logo\\\/image\\\/\",\"url\":\"\",\"contentUrl\":\"\",\"caption\":\"Sartor\u00eda de Arga\"},\"image\":{\"@id\":\"https:\\\/\\\/sartoriadearga.com\\\/en\\\/#\\\/schema\\\/logo\\\/image\\\/\"}}]}<\/script>\n<!-- \/ Yoast SEO plugin. -->","yoast_head_json":{"title":"Trolley - Sastrer\u00eda a medida en Madrid - Trajes a medida alta gama en Madrid","robots":{"index":"noindex","follow":"nofollow"},"og_locale":"en_US","og_type":"article","og_title":"Trolley - Sastrer\u00eda a medida en Madrid - Trajes a medida alta gama en Madrid","og_url":"https:\/\/sartoriadearga.com\/en\/trolley\/","og_site_name":"Sastrer\u00eda a medida en Madrid - Trajes a medida alta gama en Madrid","article_modified_time":"2024-11-14T13:13:19+00:00","twitter_card":"summary_large_image","schema":{"@context":"https:\/\/schema.org","@graph":[{"@type":"WebPage","@id":"https:\/\/sartoriadearga.com\/en\/trolley\/","url":"https:\/\/sartoriadearga.com\/en\/trolley\/","name":"Trolley - Sastrer\u00eda a medida en Madrid - Trajes a medida alta gama en Madrid","isPartOf":{"@id":"https:\/\/sartoriadearga.com\/en\/#website"},"datePublished":"2024-10-25T10:31:15+00:00","dateModified":"2024-11-14T13:13:19+00:00","breadcrumb":{"@id":"https:\/\/sartoriadearga.com\/en\/trolley\/#breadcrumb"},"inLanguage":"en-US","potentialAction":[{"@type":"ReadAction","target":["https:\/\/sartoriadearga.com\/en\/trolley\/"]}]},{"@type":"BreadcrumbList","@id":"https:\/\/sartoriadearga.com\/en\/trolley\/#breadcrumb","itemListElement":[{"@type":"ListItem","position":1,"name":"Portada","item":"https:\/\/sartoriadearga.com\/en\/sartoria-de-arga-tailor-made-tailoring\/"},{"@type":"ListItem","position":2,"name":"Trolley"}]},{"@type":"WebSite","@id":"https:\/\/sartoriadearga.com\/en\/#website","url":"https:\/\/sartoriadearga.com\/en\/","name":"Sastrer\u00eda a medida en Madrid - Trajes a medida alta gama en Madrid","description":"Sartor\u00eda de Arga, Sastrer\u00eda a medida en Madrid. Trajes a medida en Madrid. Trajes de ceremonia a medida en Madrid","publisher":{"@id":"https:\/\/sartoriadearga.com\/en\/#organization"},"potentialAction":[{"@type":"SearchAction","target":{"@type":"EntryPoint","urlTemplate":"https:\/\/sartoriadearga.com\/en\/?s={search_term_string}"},"query-input":{"@type":"PropertyValueSpecification","valueRequired":true,"valueName":"search_term_string"}}],"inLanguage":"en-US"},{"@type":"Organization","@id":"https:\/\/sartoriadearga.com\/en\/#organization","name":"Sartor\u00eda de Arga","url":"https:\/\/sartoriadearga.com\/en\/","logo":{"@type":"ImageObject","inLanguage":"en-US","@id":"https:\/\/sartoriadearga.com\/en\/#\/schema\/logo\/image\/","url":"","contentUrl":"","caption":"Sartor\u00eda de Arga"},"image":{"@id":"https:\/\/sartoriadearga.com\/en\/#\/schema\/logo\/image\/"}}]}},"_links":{"self":[{"href":"https:\/\/sartoriadearga.com\/en\/wp-json\/wp\/v2\/pages\/7883","targetHints":{"allow":["GET"]}}],"collection":[{"href":"https:\/\/sartoriadearga.com\/en\/wp-json\/wp\/v2\/pages"}],"about":[{"href":"https:\/\/sartoriadearga.com\/en\/wp-json\/wp\/v2\/types\/page"}],"author":[{"embeddable":true,"href":"https:\/\/sartoriadearga.com\/en\/wp-json\/wp\/v2\/users\/1"}],"replies":[{"embeddable":true,"href":"https:\/\/sartoriadearga.com\/en\/wp-json\/wp\/v2\/comments?post=7883"}],"version-history":[{"count":1,"href":"https:\/\/sartoriadearga.com\/en\/wp-json\/wp\/v2\/pages\/7883\/revisions"}],"predecessor-version":[{"id":7888,"href":"https:\/\/sartoriadearga.com\/en\/wp-json\/wp\/v2\/pages\/7883\/revisions\/7888"}],"wp:attachment":[{"href":"https:\/\/sartoriadearga.com\/en\/wp-json\/wp\/v2\/media?parent=7883"}],"curies":[{"name":"wp","href":"https:\/\/api.w.org\/{rel}","templated":true}]}}